{"id":194,"date":"2022-05-17T17:28:38","date_gmt":"2022-05-17T20:28:38","guid":{"rendered":"https:\/\/sbcgoias.com.br\/31congresso\/?page_id=194"},"modified":"2023-10-02T09:27:01","modified_gmt":"2023-10-02T12:27:01","slug":"trabalhos","status":"publish","type":"page","link":"https:\/\/sbcgoias.com.br\/32congresso\/trabalhos\/","title":{"rendered":"Trabalhos"},"content":{"rendered":"\t\t<div data-elementor-type=\"wp-page\" data-elementor-id=\"194\" class=\"elementor elementor-194\" data-elementor-post-type=\"page\">\n\t\t\t\t\t\t<section class=\"elementor-section elementor-top-section elementor-element elementor-element-1c7c577d elementor-section-boxed elementor-section-height-default elementor-section-height-default\" data-id=\"1c7c577d\" data-element_type=\"section\" data-e-type=\"section\" data-settings=\"{&quot;background_background&quot;:&quot;classic&quot;}\">\n\t\t\t\t\t\t\t<div class=\"elementor-background-overlay\"><\/div>\n\t\t\t\t\t\t\t<div class=\"elementor-container elementor-column-gap-default\">\n\t\t\t\t\t<div class=\"elementor-column elementor-col-100 elementor-top-column elementor-element elementor-element-76e95c6e\" data-id=\"76e95c6e\" data-element_type=\"column\" data-e-type=\"column\">\n\t\t\t<div class=\"elementor-widget-wrap elementor-element-populated\">\n\t\t\t\t\t\t\t<\/div>\n\t\t<\/div>\n\t\t\t\t\t<\/div>\n\t\t<\/section>\n\t\t\t\t<section class=\"elementor-section elementor-top-section elementor-element elementor-element-2f69508 elementor-section-boxed elementor-section-height-default elementor-section-height-default\" data-id=\"2f69508\" data-element_type=\"section\" data-e-type=\"section\">\n\t\t\t\t\t\t<div class=\"elementor-container elementor-column-gap-default\">\n\t\t\t\t\t<div class=\"elementor-column elementor-col-100 elementor-top-column elementor-element elementor-element-4842b1c\" data-id=\"4842b1c\" data-element_type=\"column\" data-e-type=\"column\">\n\t\t\t<div class=\"elementor-widget-wrap elementor-element-populated\">\n\t\t\t\t\t\t<div class=\"elementor-element elementor-element-e8c979b elementor-widget elementor-widget-spacer\" data-id=\"e8c979b\" data-element_type=\"widget\" data-e-type=\"widget\" data-widget_type=\"spacer.default\">\n\t\t\t\t<div class=\"elementor-widget-container\">\n\t\t\t\t\t\t\t<div class=\"elementor-spacer\">\n\t\t\t<div class=\"elementor-spacer-inner\"><\/div>\n\t\t<\/div>\n\t\t\t\t\t\t<\/div>\n\t\t\t\t<\/div>\n\t\t\t\t<div class=\"elementor-element elementor-element-ccd780e elementor-align-center elementor-widget elementor-widget-button\" data-id=\"ccd780e\" data-element_type=\"widget\" data-e-type=\"widget\" data-widget_type=\"button.default\">\n\t\t\t\t<div class=\"elementor-widget-container\">\n\t\t\t\t\t\t\t\t\t<div class=\"elementor-button-wrapper\">\n\t\t\t\t\t<a class=\"elementor-button elementor-button-link elementor-size-xl\" href=\"https:\/\/web.eventogyn.com.br\/event\/32cgc\/site\/content\/area-do-participante\" target=\"_blank\">\n\t\t\t\t\t\t<span class=\"elementor-button-content-wrapper\">\n\t\t\t\t\t\t<span class=\"elementor-button-icon\">\n\t\t\t\t<i aria-hidden=\"true\" class=\"far fa-check-circle\"><\/i>\t\t\t<\/span>\n\t\t\t\t\t\t\t\t\t<span class=\"elementor-button-text\">Inscreva seu trabalho!<\/span>\n\t\t\t\t\t<\/span>\n\t\t\t\t\t<\/a>\n\t\t\t\t<\/div>\n\t\t\t\t\t\t\t\t<\/div>\n\t\t\t\t<\/div>\n\t\t\t\t<div class=\"elementor-element elementor-element-d9ba31e elementor-widget elementor-widget-text-editor\" data-id=\"d9ba31e\" data-element_type=\"widget\" data-e-type=\"widget\" data-widget_type=\"text-editor.default\">\n\t\t\t\t<div class=\"elementor-widget-container\">\n\t\t\t\t\t\t\t\t\t<p><strong>NORMAS PARA ENVIO DE TEMAS LIVRES<\/strong><\/p><p>A Comiss\u00e3o Cient\u00edfica do XXXII Congresso Goiano de Cardiologia apresenta os crit\u00e9rios para o envio dos Temas Livres a serem selecionados para apresenta\u00e7\u00e3o.<\/p><p><strong>Data limite: 10 de outubro de 2023<\/strong><\/p><p>Os trabalhos a serem submetidos para sele\u00e7\u00e3o dever\u00e3o ser enviados impreterivelmente at\u00e9 o dia 10 de outubro de 2023. A Comiss\u00e3o Cient\u00edfica n\u00e3o receber\u00e1 os trabalhos encaminhados ap\u00f3s essa data.<\/p><p>Os temas livres aprovados ser\u00e3o apresentados por meio de Comunica\u00e7\u00e3o\u00a0 de P\u00f4ster eletronico, para isso, o apresentador dever\u00e1 obrigatoriamente estar inscrito no evento.<\/p><p>N\u00e3o h\u00e1 limite para o n\u00famero de resumos feitos pelo mesmo autor. No entanto, esse autor s\u00f3 poder\u00e1 ser apresentador de at\u00e9 dois (02) trabalhos. Se mais de dois (02) resumos do mesmo autor forem aceitos, ele dever\u00e1 solicitar a um dos coautores que apresente os demais trabalhos. Caso a apresenta\u00e7\u00e3o seja feita por um dos coautores, esse tamb\u00e9m dever\u00e1 estar inscrito no Congresso.<\/p><p>Os resumos devem ser enviados em formato Word 2007\/2010. Utilize o programa Word para Windows, em qualquer vers\u00e3o, com a fonte Times New Roman, tamanho 12 para t\u00edtulo e autores, e tamanho 10 para o texto. Use espa\u00e7amento simples, papel tamanho A4 e margens de 2,5 cm \u00e0 direita, \u00e0 esquerda, superior e inferior, com par\u00e1grafos com tabula\u00e7\u00e3o de 1,0 cm.<\/p><p>As modalidades de trabalho aceitas ser\u00e3o &#8220;Relato de Caso&#8221; e &#8220;N\u00e3o Relato de Caso&#8221;. Escolha aquela que melhor representa seu trabalho. N\u00e3o ser\u00e3o aceitos trabalhos do tipo &#8220;Revis\u00e3o de Literatura&#8221;.<\/p><p>Os resumos dever\u00e3o conter os seguintes itens:<\/p><p>T\u00cdTULO: com at\u00e9 tr\u00eas linhas, em letras mai\u00fasculas e em negrito. N\u00e3o escreva a palavra \u201ct\u00edtulo\u201d no in\u00edcio do par\u00e1grafo.<\/p><p>NOME DOS AUTORES: Comece com o \u00faltimo sobrenome do autor principal, seguido das iniciais do restante do nome (em letras mai\u00fasculas). Fa\u00e7a o mesmo para os demais coautores. Ocupar at\u00e9 tr\u00eas linhas. N\u00e3o escreva \u201cnome dos autores\u201d no in\u00edcio do par\u00e1grafo. Os nomes do autor e dos coautores devem estar separados por ponto e v\u00edrgula.<\/p><p>INSTITUI\u00c7\u00c3O: Local onde o trabalho foi realizado ou institui\u00e7\u00e3o onde o autor principal trabalha. Favor n\u00e3o escrever a palavra \u201cinstitui\u00e7\u00e3o\u201d no in\u00edcio do par\u00e1grafo e n\u00e3o pular linha entre os nomes dos autores e a institui\u00e7\u00e3o.<\/p><p>TEXTO: Deixe dois espa\u00e7os simples entre a institui\u00e7\u00e3o e o texto. O texto deve conter: Objetivos, Material e M\u00e9todo, Resultados e Conclus\u00f5es. Esses subt\u00edtulos devem estar em negrito e it\u00e1lico.<\/p><p>N\u00famero de autores: Relato de caso (8 autores); N\u00e3o relato de caso (10 autores).<\/p><p>N\u00famero m\u00e1ximo de caracteres: 2500 com espa\u00e7o.<\/p><p>O n\u00e3o cumprimento das normas de submiss\u00e3o implicar\u00e1 na desclassifica\u00e7\u00e3o do Tema Livre pela Comiss\u00e3o Cient\u00edfica.<\/p>\t\t\t\t\t\t\t\t<\/div>\n\t\t\t\t<\/div>\n\t\t\t\t<div class=\"elementor-element elementor-element-6e7209c elementor-align-center elementor-widget elementor-widget-button\" data-id=\"6e7209c\" data-element_type=\"widget\" data-e-type=\"widget\" data-widget_type=\"button.default\">\n\t\t\t\t<div class=\"elementor-widget-container\">\n\t\t\t\t\t\t\t\t\t<div class=\"elementor-button-wrapper\">\n\t\t\t\t\t<a class=\"elementor-button elementor-button-link elementor-size-xl\" href=\"https:\/\/web.eventogyn.com.br\/event\/32cgc\/site\/content\/area-do-participante\" target=\"_blank\">\n\t\t\t\t\t\t<span class=\"elementor-button-content-wrapper\">\n\t\t\t\t\t\t\t\t\t<span class=\"elementor-button-text\">Inscreva seu trabalho!<\/span>\n\t\t\t\t\t<\/span>\n\t\t\t\t\t<\/a>\n\t\t\t\t<\/div>\n\t\t\t\t\t\t\t\t<\/div>\n\t\t\t\t<\/div>\n\t\t\t\t<div class=\"elementor-element elementor-element-3f00b9f elementor-widget elementor-widget-spacer\" data-id=\"3f00b9f\" data-element_type=\"widget\" data-e-type=\"widget\" data-widget_type=\"spacer.default\">\n\t\t\t\t<div class=\"elementor-widget-container\">\n\t\t\t\t\t\t\t<div class=\"elementor-spacer\">\n\t\t\t<div class=\"elementor-spacer-inner\"><\/div>\n\t\t<\/div>\n\t\t\t\t\t\t<\/div>\n\t\t\t\t<\/div>\n\t\t\t\t\t<\/div>\n\t\t<\/div>\n\t\t\t\t\t<\/div>\n\t\t<\/section>\n\t\t\t\t<\/div>\n\t\t","protected":false},"excerpt":{"rendered":"<p>Inscreva seu trabalho! NORMAS PARA ENVIO DE TEMAS LIVRES A Comiss\u00e3o Cient\u00edfica do XXXII Congresso Goiano de Cardiologia apresenta os crit\u00e9rios para o envio dos Temas Livres a serem selecionados para apresenta\u00e7\u00e3o. Data limite: 10 de outubro de 2023 Os trabalhos a serem submetidos para sele\u00e7\u00e3o dever\u00e3o ser enviados impreterivelmente at\u00e9 o dia 10 de [&hellip;]<\/p>\n","protected":false},"author":1,"featured_media":0,"parent":0,"menu_order":0,"comment_status":"closed","ping_status":"closed","template":"elementor_header_footer","meta":{"footnotes":""},"class_list":["post-194","page","type-page","status-publish","hentry"],"_links":{"self":[{"href":"https:\/\/sbcgoias.com.br\/32congresso\/wp-json\/wp\/v2\/pages\/194","targetHints":{"allow":["GET"]}}],"collection":[{"href":"https:\/\/sbcgoias.com.br\/32congresso\/wp-json\/wp\/v2\/pages"}],"about":[{"href":"https:\/\/sbcgoias.com.br\/32congresso\/wp-json\/wp\/v2\/types\/page"}],"author":[{"embeddable":true,"href":"https:\/\/sbcgoias.com.br\/32congresso\/wp-json\/wp\/v2\/users\/1"}],"replies":[{"embeddable":true,"href":"https:\/\/sbcgoias.com.br\/32congresso\/wp-json\/wp\/v2\/comments?post=194"}],"version-history":[{"count":76,"href":"https:\/\/sbcgoias.com.br\/32congresso\/wp-json\/wp\/v2\/pages\/194\/revisions"}],"predecessor-version":[{"id":787,"href":"https:\/\/sbcgoias.com.br\/32congresso\/wp-json\/wp\/v2\/pages\/194\/revisions\/787"}],"wp:attachment":[{"href":"https:\/\/sbcgoias.com.br\/32congresso\/wp-json\/wp\/v2\/media?parent=194"}],"curies":[{"name":"wp","href":"https:\/\/api.w.org\/{rel}","templated":true}]}}