{"id":177,"date":"2022-05-17T17:22:34","date_gmt":"2022-05-17T20:22:34","guid":{"rendered":"https:\/\/sbcgoias.com.br\/31congresso\/?page_id=177"},"modified":"2023-07-11T10:07:33","modified_gmt":"2023-07-11T13:07:33","slug":"diretoria","status":"publish","type":"page","link":"https:\/\/sbcgoias.com.br\/32congresso\/diretoria\/","title":{"rendered":"Diretoria"},"content":{"rendered":"\t\t<div data-elementor-type=\"wp-page\" data-elementor-id=\"177\" class=\"elementor elementor-177\" data-elementor-post-type=\"page\">\n\t\t\t\t\t\t<section class=\"elementor-section elementor-top-section elementor-element elementor-element-1c7c577d elementor-section-boxed elementor-section-height-default elementor-section-height-default\" data-id=\"1c7c577d\" data-element_type=\"section\" data-e-type=\"section\" data-settings=\"{&quot;background_background&quot;:&quot;classic&quot;}\">\n\t\t\t\t\t\t\t<div class=\"elementor-background-overlay\"><\/div>\n\t\t\t\t\t\t\t<div class=\"elementor-container elementor-column-gap-default\">\n\t\t\t\t\t<div class=\"elementor-column elementor-col-100 elementor-top-column elementor-element elementor-element-76e95c6e\" data-id=\"76e95c6e\" data-element_type=\"column\" data-e-type=\"column\">\n\t\t\t<div class=\"elementor-widget-wrap elementor-element-populated\">\n\t\t\t\t\t\t\t<\/div>\n\t\t<\/div>\n\t\t\t\t\t<\/div>\n\t\t<\/section>\n\t\t\t\t<section class=\"elementor-section elementor-top-section elementor-element elementor-element-2f69508 elementor-section-boxed elementor-section-height-default elementor-section-height-default\" data-id=\"2f69508\" data-element_type=\"section\" data-e-type=\"section\">\n\t\t\t\t\t\t<div class=\"elementor-container elementor-column-gap-default\">\n\t\t\t\t\t<div class=\"elementor-column elementor-col-100 elementor-top-column elementor-element elementor-element-4842b1c\" data-id=\"4842b1c\" data-element_type=\"column\" data-e-type=\"column\">\n\t\t\t<div class=\"elementor-widget-wrap elementor-element-populated\">\n\t\t\t\t\t\t<div class=\"elementor-element elementor-element-d9ba31e elementor-widget elementor-widget-text-editor\" data-id=\"d9ba31e\" data-element_type=\"widget\" data-e-type=\"widget\" data-widget_type=\"text-editor.default\">\n\t\t\t\t<div class=\"elementor-widget-container\">\n\t\t\t\t\t\t\t\t\t<p><span style=\"color: var( --e-global-color-text ); font-size: 1rem; font-weight: bolder;\">Presidente<br \/><\/span>HUMBERTO GRANER MOREIRA\u00a0<\/p><p><strong>Vice Presidente<\/strong><br \/>THIAGO AQUINO AMORIM\u00a0<\/p><p><strong>Diretor Cient\u00edfico<\/strong><br \/>TANNAS JATENE<\/p><p>\u00a0<strong>Diretor de Publica\u00e7\u00f5es<\/strong><br \/>ALESSANDRO FELIPE ARANTES<\/p><p><br \/><strong>Diretor Financeiro<\/strong><br \/>LEONARDO SARA DA SILVA<\/p><p><br \/><strong>Diretor de Rela\u00e7\u00f5es Governamentais<\/strong><br \/>DONALDY GUSTAVO DA SILVA SAMPAIO<\/p><p>\u00a0<strong>Diretora Administrativa<br \/><\/strong>DANIELA DO CARMO RASSI FROTA<\/p><p><strong>Diretor de Pesquisa<br \/><\/strong>ARNALDO LUIZ FONSECA\u00a0<\/p><p><strong>Representante Funcor | Presidente do Congresso<\/strong><br \/>RODRIGO PAASHAUS DE ANDRADE<\/p>\t\t\t\t\t\t\t\t<\/div>\n\t\t\t\t<\/div>\n\t\t\t\t\t<\/div>\n\t\t<\/div>\n\t\t\t\t\t<\/div>\n\t\t<\/section>\n\t\t\t\t<\/div>\n\t\t","protected":false},"excerpt":{"rendered":"<p>PresidenteHUMBERTO GRANER MOREIRA\u00a0 Vice PresidenteTHIAGO AQUINO AMORIM\u00a0 Diretor Cient\u00edficoTANNAS JATENE \u00a0Diretor de Publica\u00e7\u00f5esALESSANDRO FELIPE ARANTES Diretor FinanceiroLEONARDO SARA DA SILVA Diretor de Rela\u00e7\u00f5es GovernamentaisDONALDY GUSTAVO DA SILVA SAMPAIO \u00a0Diretora AdministrativaDANIELA DO CARMO RASSI FROTA Diretor de PesquisaARNALDO LUIZ FONSECA\u00a0 Representante Funcor | Presidente do CongressoRODRIGO PAASHAUS DE ANDRADE<\/p>\n","protected":false},"author":1,"featured_media":0,"parent":0,"menu_order":0,"comment_status":"closed","ping_status":"closed","template":"elementor_header_footer","meta":{"footnotes":""},"class_list":["post-177","page","type-page","status-publish","hentry"],"_links":{"self":[{"href":"https:\/\/sbcgoias.com.br\/32congresso\/wp-json\/wp\/v2\/pages\/177","targetHints":{"allow":["GET"]}}],"collection":[{"href":"https:\/\/sbcgoias.com.br\/32congresso\/wp-json\/wp\/v2\/pages"}],"about":[{"href":"https:\/\/sbcgoias.com.br\/32congresso\/wp-json\/wp\/v2\/types\/page"}],"author":[{"embeddable":true,"href":"https:\/\/sbcgoias.com.br\/32congresso\/wp-json\/wp\/v2\/users\/1"}],"replies":[{"embeddable":true,"href":"https:\/\/sbcgoias.com.br\/32congresso\/wp-json\/wp\/v2\/comments?post=177"}],"version-history":[{"count":23,"href":"https:\/\/sbcgoias.com.br\/32congresso\/wp-json\/wp\/v2\/pages\/177\/revisions"}],"predecessor-version":[{"id":629,"href":"https:\/\/sbcgoias.com.br\/32congresso\/wp-json\/wp\/v2\/pages\/177\/revisions\/629"}],"wp:attachment":[{"href":"https:\/\/sbcgoias.com.br\/32congresso\/wp-json\/wp\/v2\/media?parent=177"}],"curies":[{"name":"wp","href":"https:\/\/api.w.org\/{rel}","templated":true}]}}